{"id":2,"date":"2013-07-04T08:45:18","date_gmt":"2013-07-04T08:45:18","guid":{"rendered":"http:\/\/foedus.pixelwald.de\/?page_id=2"},"modified":"2022-04-20T16:22:15","modified_gmt":"2022-04-20T14:22:15","slug":"foedus-personaldienste","status":"publish","type":"page","link":"https:\/\/foedus-personaldienste.de\/","title":{"rendered":"Startseite"},"content":{"rendered":"<p><div class=\"fusion-fullwidth fullwidth-box fusion-builder-row-1 nonhundred-percent-fullwidth non-hundred-percent-height-scrolling fusion-no-small-visibility\" style=\"--awb-border-radius-top-left:0px;--awb-border-radius-top-right:0px;--awb-border-radius-bottom-right:0px;--awb-border-radius-bottom-left:0px;--awb-padding-top:0px;--awb-background-color:#e88f12;--awb-flex-wrap:wrap;\" ><div class=\"fusion-builder-row fusion-row\"><div class=\"fusion-layout-column fusion_builder_column fusion-builder-column-0 fusion_builder_column_1_1 1_1 fusion-one-full fusion-column-first fusion-column-last\" style=\"--awb-padding-top:20px;--awb-bg-size:cover;\"><div class=\"fusion-column-wrapper fusion-flex-column-wrapper-legacy\"><script type=\"text\/javascript\">jQuery(function() { _initLayerSlider( '#layerslider_11_9uyy2u9xu6jo', {sliderVersion: '6.11.9', responsiveUnder: 0, layersContainer: 0, slideBGSize: 'auto', hideUnder: 0, hideOver: 100000, pauseOnHover: 1, skin: 'v5', globalBGColor: '#ffffff', skinsPath: 'https:\/\/foedus-personaldienste.de\/wp-content\/plugins\/LayerSlider\/assets\/static\/layerslider\/skins\/'}); });<\/script><div id=\"layerslider_11_9uyy2u9xu6jo\" class=\"ls-wp-container fitvidsignore\" style=\"width:1000px;height:400px;margin:0 auto;margin-bottom: 0px;\"><div class=\"ls-slide\" data-ls=\"duration:7000;kenburnsscale:1.2;\"><img decoding=\"async\" width=\"580\" height=\"400\" src=\"https:\/\/foedus-personaldienste.de\/wp-content\/uploads\/slider1.jpg\" class=\"ls-tn\" alt=\"\" srcset=\"https:\/\/foedus-personaldienste.de\/wp-content\/uploads\/slider1-300x206.jpg 300w, https:\/\/foedus-personaldienste.de\/wp-content\/uploads\/slider1.jpg 580w\" sizes=\"(max-width: 580px) 100vw, 580px\" \/><img decoding=\"async\" width=\"580\" height=\"400\" src=\"https:\/\/foedus-personaldienste.de\/wp-content\/uploads\/slider1.jpg\" class=\"ls-l\" alt=\"\" srcset=\"https:\/\/foedus-personaldienste.de\/wp-content\/uploads\/slider1-300x206.jpg 300w, https:\/\/foedus-personaldienste.de\/wp-content\/uploads\/slider1.jpg 580w\" sizes=\"(max-width: 580px) 100vw, 580px\" style=\"top:0px;left:423px;\" data-ls=\"offsetxin:80;offsetxout:-80;durationout:400;parallaxlevel:0;\"><div style=\"top:90px;left:23px;\" class=\"ls-l\" data-ls=\"offsetxin:80;offsetxout:-80;durationout:400;parallaxlevel:0;\"><h1 style=\"font-size:42px\">Verst&auml;rkung f&uuml;r Ihr<br>Unternehmen<\/h1>\nSie suchen kompetente MitarbeiterInnen?<br>\nWir k&uuml;mmern uns darum.<br>\nEinfach, schnell und unkompliziert.\n<br><br><a href=\"https:\/\/foedus-personaldienste.de\/index.php\/unternehmen\/\" class=\"btnhome\">Mehr dazu<\/a><\/div><\/div><div class=\"ls-slide\" data-ls=\"duration:7000;kenburnsscale:1.2;\"><img decoding=\"async\" width=\"580\" height=\"400\" src=\"https:\/\/foedus-personaldienste.de\/wp-content\/uploads\/slider3.jpg\" class=\"ls-tn\" alt=\"\" srcset=\"https:\/\/foedus-personaldienste.de\/wp-content\/uploads\/slider3-300x206.jpg 300w, https:\/\/foedus-personaldienste.de\/wp-content\/uploads\/slider3.jpg 580w\" sizes=\"(max-width: 580px) 100vw, 580px\" \/><img decoding=\"async\" width=\"580\" height=\"400\" src=\"https:\/\/foedus-personaldienste.de\/wp-content\/uploads\/slider3.jpg\" class=\"ls-l\" alt=\"\" srcset=\"https:\/\/foedus-personaldienste.de\/wp-content\/uploads\/slider3-300x206.jpg 300w, https:\/\/foedus-personaldienste.de\/wp-content\/uploads\/slider3.jpg 580w\" sizes=\"(max-width: 580px) 100vw, 580px\" style=\"top:0px;left:428px;\" data-ls=\"offsetxin:80;offsetxout:-80;durationout:400;parallaxlevel:0;\"><div style=\"top:83px;left:30px;\" class=\"ls-l\" data-ls=\"offsetxin:80;offsetxout:-80;durationout:400;parallaxlevel:0;\"><h1 style=\"font-size:42px\">Willkommen bei <span style=\"color: #ffa900;\">fo<\/span>edus<br>Personaldienste<\/h1>\nSie sind auf der Suche nach einer neuen beruflichen<br>\nHerausforderung? Wir sind Ihr zuverl&auml;ssiger Partner auf <br>\ndem Weg zu einem neuen Job. Informieren Sie sich &uuml;ber <br>\nuns - und nehmen Sie direkt Kontakt mit uns auf.\n<br><br><a href=\"https:\/\/foedus-personaldienste.de\/index.php\/foedus\/\" class=\"btnhome\">Mehr dazu<\/a><\/div><\/div><div class=\"ls-slide\" data-ls=\"duration:7000;kenburnsscale:1.2;\"><img decoding=\"async\" width=\"580\" height=\"400\" src=\"https:\/\/foedus-personaldienste.de\/wp-content\/uploads\/slide4.jpg\" class=\"ls-tn\" alt=\"\" srcset=\"https:\/\/foedus-personaldienste.de\/wp-content\/uploads\/slide4-300x207.jpg 300w, https:\/\/foedus-personaldienste.de\/wp-content\/uploads\/slide4.jpg 580w\" sizes=\"(max-width: 580px) 100vw, 580px\" \/><img decoding=\"async\" width=\"580\" height=\"400\" src=\"https:\/\/foedus-personaldienste.de\/wp-content\/uploads\/slide4.jpg\" class=\"ls-l\" alt=\"\" srcset=\"https:\/\/foedus-personaldienste.de\/wp-content\/uploads\/slide4-300x207.jpg 300w, https:\/\/foedus-personaldienste.de\/wp-content\/uploads\/slide4.jpg 580w\" sizes=\"(max-width: 580px) 100vw, 580px\" style=\"top:0px;left:428px;background-color:#ffffff;\" data-ls=\"offsetxin:80;offsetxout:-80;durationout:400;parallaxlevel:0;\"><div style=\"top:117px;left:25px;\" class=\"ls-l\" data-ls=\"offsetxin:80;offsetxout:-80;durationout:400;parallaxlevel:0;\"><h1 style=\"font-size:42px\">Lernen Sie unsere<br>Standorte kennen<\/h1>\nDas Team der foedus Personaldienste stellt sich vor.\n<br><br><a href=\"https:\/\/foedus-personaldienste.de\/index.php\/standorte\/\" class=\"btnhome\">Mehr dazu<\/a><\/div><\/div><div class=\"ls-slide\" data-ls=\"duration:7000;kenburnsscale:1.2;\"><img decoding=\"async\" width=\"580\" height=\"400\" src=\"https:\/\/foedus-personaldienste.de\/wp-content\/uploads\/slider2.jpg\" class=\"ls-tn\" alt=\"\" srcset=\"https:\/\/foedus-personaldienste.de\/wp-content\/uploads\/slider2-300x206.jpg 300w, https:\/\/foedus-personaldienste.de\/wp-content\/uploads\/slider2.jpg 580w\" sizes=\"(max-width: 580px) 100vw, 580px\" \/><img decoding=\"async\" width=\"580\" height=\"400\" src=\"https:\/\/foedus-personaldienste.de\/wp-content\/uploads\/slider2.jpg\" class=\"ls-l\" alt=\"\" srcset=\"https:\/\/foedus-personaldienste.de\/wp-content\/uploads\/slider2-300x206.jpg 300w, https:\/\/foedus-personaldienste.de\/wp-content\/uploads\/slider2.jpg 580w\" sizes=\"(max-width: 580px) 100vw, 580px\" style=\"top:0px;left:420px;\" data-ls=\"offsetxin:80;offsetxout:-80;durationout:400;parallaxlevel:0;\"><div style=\"top:107px;left:21px;\" class=\"ls-l\" data-ls=\"offsetxin:80;offsetxout:-80;durationout:400;parallaxlevel:0;\"><h1 style=\"font-size:42px\">Arbeit finden-<br>W&uuml;nsche erf&uuml;llen<\/h1>\r\nSehen Sie sich unsere aktuellen Stellenangebote<br> \r\nan oder senden Sie und Ihre Initiativbewerbung\r\n<br><br><a href=\"https:\/\/foedus-personaldienste.de\/index.php\/bewerber\/stellenangebote\/\" class=\"btnhome\">Mehr dazu<\/a><\/div><\/div><\/div><div class=\"fusion-clearfix\"><\/div><\/div><\/div><\/div><\/div><div class=\"fusion-fullwidth fullwidth-box fusion-builder-row-2 nonhundred-percent-fullwidth non-hundred-percent-height-scrolling\" style=\"--awb-border-radius-top-left:0px;--awb-border-radius-top-right:0px;--awb-border-radius-bottom-right:0px;--awb-border-radius-bottom-left:0px;--awb-flex-wrap:wrap;\" ><div class=\"fusion-builder-row fusion-row\"><div class=\"fusion-layout-column fusion_builder_column fusion-builder-column-1 fusion_builder_column_1_1 1_1 fusion-one-full fusion-column-first fusion-column-last\" style=\"--awb-bg-size:cover;--awb-margin-bottom:0px;\"><div class=\"fusion-column-wrapper fusion-flex-column-wrapper-legacy\"><div class=\"fusion-sep-clear\"><\/div><div class=\"fusion-separator fusion-full-width-sep\" style=\"margin-left: auto;margin-right: auto;margin-top:40px;width:100%;\"><\/div><div class=\"fusion-sep-clear\"><\/div><div class=\"fusion-clearfix\"><\/div><\/div><\/div><div class=\"fusion-layout-column fusion_builder_column fusion-builder-column-2 fusion_builder_column_1_2 1_2 fusion-one-half fusion-column-first\" style=\"--awb-bg-size:cover;width:50%;width:calc(50% - ( ( 4% ) * 0.5 ) );margin-right: 4%;\"><div class=\"fusion-column-wrapper fusion-flex-column-wrapper-legacy\"><div class=\"fusion-text fusion-text-1\" style=\"--awb-text-transform:none;\"><h1>Wer ist <span style=\"color: #ffa900;\">fo<\/span>edus Personaldienste?<\/h1>\n<p style=\"text-align: justify;\">foedus Personaldienste ist Ihr Ansprechpartner f\u00fcr den gewerblich-technischen und kaufm\u00e4nnischen Bereich. Wir bieten Personaldienstleistungen mit h\u00f6chster Qualit\u00e4t in den Bereichen Arbeitnehmer\u00fcberlassung, Vermittlung sowie Werk- und Dienstleistungsvertr\u00e4ge.<\/p>\n<p style=\"text-align: justify;\">Unsere MitarbeiterInnen sind die Grundlage f\u00fcr eine erfolgreiche Zukunft der foedus. Fairness, Ehrlichkeit und Respekt gegen\u00fcber unserem Personal ist ebenso wichtig wie die \u201eFreude an der t\u00e4glichen Arbeit\u201c. <a href=\"https:\/\/foedus-personaldienste.de\/index.php\/foedus\/\">Mehr lesen&#8230;<\/a><\/p>\n<\/div><div class=\"fusion-clearfix\"><\/div><\/div><\/div><div class=\"fusion-layout-column fusion_builder_column fusion-builder-column-3 fusion_builder_column_1_2 1_2 fusion-one-half fusion-column-last\" style=\"--awb-bg-size:cover;width:50%;width:calc(50% - ( ( 4% ) * 0.5 ) );\"><div class=\"fusion-column-wrapper fusion-flex-column-wrapper-legacy\"><div class=\"fusion-column-content-centered\"><div class=\"fusion-column-content\"><div class=\"fusion-text fusion-text-2\"><h1>Aktuelle Stellenangebote<\/h1>\n<\/div><div class=\"fusion-alignleft\"><a class=\"fusion-button button-flat fusion-button-default-size button-custom fusion-button-default button-1 fusion-button-default-span fusion-button-default-type\" style=\"--button_accent_color:#ffffff;--button_accent_hover_color:#ffffff;--button_border_hover_color:#ffffff;--button_gradient_top_color:#e88f12;--button_gradient_bottom_color:#e88f12;--button_gradient_top_color_hover:#e88f12;--button_gradient_bottom_color_hover:#e88f12;\" target=\"_self\" href=\"https:\/\/foedus-personaldienste.de\/index.php\/stellenangebote\"><span class=\"fusion-button-text awb-button__text awb-button__text--default\">ALLE STELLEN ANZEIGEN<\/span><\/a><\/div><\/div><\/div><div class=\"fusion-clearfix\"><\/div><\/div><\/div><\/div><\/div><div class=\"fusion-fullwidth fullwidth-box fusion-builder-row-3 nonhundred-percent-fullwidth non-hundred-percent-height-scrolling\" style=\"--awb-border-radius-top-left:0px;--awb-border-radius-top-right:0px;--awb-border-radius-bottom-right:0px;--awb-border-radius-bottom-left:0px;--awb-flex-wrap:wrap;\" ><div class=\"fusion-builder-row fusion-row\"><div class=\"fusion-layout-column fusion_builder_column fusion-builder-column-4 fusion_builder_column_1_1 1_1 fusion-one-full fusion-column-first fusion-column-last\" style=\"--awb-bg-size:cover;\"><div class=\"fusion-column-wrapper fusion-flex-column-wrapper-legacy\"><div class=\"fusion-sep-clear\"><\/div><div class=\"fusion-separator fusion-full-width-sep\" style=\"margin-left: auto;margin-right: auto;margin-top:40px;width:100%;\"><\/div><div class=\"fusion-sep-clear\"><\/div><div class=\"fusion-clearfix\"><\/div><\/div><\/div><div class=\"fusion-layout-column fusion_builder_column fusion-builder-column-5 fusion_builder_column_1_3 1_3 fusion-one-third fusion-column-first\" style=\"--awb-bg-size:cover;width:33.3333333333%;width:calc(33.3333333333% - ( ( 4% + 4% ) * 0.333333333333 ) );margin-right: 4%;\"><div class=\"fusion-column-wrapper fusion-flex-column-wrapper-legacy\"><div class=\"fusion-image-element in-legacy-container\" style=\"--awb-caption-title-font-family:var(--h2_typography-font-family);--awb-caption-title-font-weight:var(--h2_typography-font-weight);--awb-caption-title-font-style:var(--h2_typography-font-style);--awb-caption-title-size:var(--h2_typography-font-size);--awb-caption-title-transform:var(--h2_typography-text-transform);--awb-caption-title-line-height:var(--h2_typography-line-height);--awb-caption-title-letter-spacing:var(--h2_typography-letter-spacing);\"><span class=\" fusion-imageframe imageframe-dropshadow imageframe-1 hover-type-none\" style=\"-webkit-box-shadow: 3px 3px 7px rgba(0,0,0,0.3);box-shadow: 3px 3px 7px rgba(0,0,0,0.3);\"><a class=\"fusion-no-lightbox\" href=\"https:\/\/foedus-personaldienste.de\/index.php\/kontakt\/\" target=\"_self\" aria-label=\"HP_kontakt\"><img decoding=\"async\" width=\"290\" height=\"130\" src=\"https:\/\/foedus-personaldienste.de\/wp-content\/uploads\/HP_kontakt-1.jpg\" alt class=\"img-responsive wp-image-4900\" srcset=\"https:\/\/foedus-personaldienste.de\/wp-content\/uploads\/HP_kontakt-1-200x90.jpg 200w, https:\/\/foedus-personaldienste.de\/wp-content\/uploads\/HP_kontakt-1.jpg 290w\" sizes=\"(max-width: 800px) 100vw, 290px\" \/><\/a><\/span><\/div><div class=\"fusion-clearfix\"><\/div><\/div><\/div><div class=\"fusion-layout-column fusion_builder_column fusion-builder-column-6 fusion_builder_column_1_3 1_3 fusion-one-third\" style=\"--awb-bg-size:cover;width:33.3333333333%;width:calc(33.3333333333% - ( ( 4% + 4% ) * 0.333333333333 ) );margin-right: 4%;\"><div class=\"fusion-column-wrapper fusion-flex-column-wrapper-legacy\"><div class=\"fusion-image-element in-legacy-container\" style=\"--awb-caption-title-font-family:var(--h2_typography-font-family);--awb-caption-title-font-weight:var(--h2_typography-font-weight);--awb-caption-title-font-style:var(--h2_typography-font-style);--awb-caption-title-size:var(--h2_typography-font-size);--awb-caption-title-transform:var(--h2_typography-text-transform);--awb-caption-title-line-height:var(--h2_typography-line-height);--awb-caption-title-letter-spacing:var(--h2_typography-letter-spacing);\"><span class=\" fusion-imageframe imageframe-dropshadow imageframe-2 hover-type-none\" style=\"-webkit-box-shadow: 3px 3px 7px rgba(0,0,0,0.3);box-shadow: 3px 3px 7px rgba(0,0,0,0.3);\"><a class=\"fusion-no-lightbox\" href=\"https:\/\/foedus-personaldienste.de\/index.php\/unternehmen\/\" target=\"_self\" aria-label=\"HP_unternehmen\"><img decoding=\"async\" width=\"290\" height=\"130\" src=\"https:\/\/foedus-personaldienste.de\/wp-content\/uploads\/HP_unternehmen-1.jpg\" alt class=\"img-responsive wp-image-4899\" srcset=\"https:\/\/foedus-personaldienste.de\/wp-content\/uploads\/HP_unternehmen-1-200x90.jpg 200w, https:\/\/foedus-personaldienste.de\/wp-content\/uploads\/HP_unternehmen-1.jpg 290w\" sizes=\"(max-width: 800px) 100vw, 290px\" \/><\/a><\/span><\/div><div class=\"fusion-clearfix\"><\/div><\/div><\/div><div class=\"fusion-layout-column fusion_builder_column fusion-builder-column-7 fusion_builder_column_1_3 1_3 fusion-one-third fusion-column-last\" style=\"--awb-bg-size:cover;width:33.3333333333%;width:calc(33.3333333333% - ( ( 4% + 4% ) * 0.333333333333 ) );\"><div class=\"fusion-column-wrapper fusion-flex-column-wrapper-legacy\"><div class=\"fusion-image-element in-legacy-container\" style=\"--awb-caption-title-font-family:var(--h2_typography-font-family);--awb-caption-title-font-weight:var(--h2_typography-font-weight);--awb-caption-title-font-style:var(--h2_typography-font-style);--awb-caption-title-size:var(--h2_typography-font-size);--awb-caption-title-transform:var(--h2_typography-text-transform);--awb-caption-title-line-height:var(--h2_typography-line-height);--awb-caption-title-letter-spacing:var(--h2_typography-letter-spacing);\"><span class=\" fusion-imageframe imageframe-dropshadow imageframe-3 hover-type-none\" style=\"-webkit-box-shadow: 3px 3px 7px rgba(0,0,0,0.3);box-shadow: 3px 3px 7px rgba(0,0,0,0.3);\"><a class=\"fusion-no-lightbox\" href=\"https:\/\/foedus-personaldienste.de\/index.php\/bewerber\/\" target=\"_self\" aria-label=\"HP_bewerber\"><img decoding=\"async\" width=\"290\" height=\"130\" src=\"https:\/\/foedus-personaldienste.de\/wp-content\/uploads\/HP_bewerber-1.jpg\" alt class=\"img-responsive wp-image-4898\" srcset=\"https:\/\/foedus-personaldienste.de\/wp-content\/uploads\/HP_bewerber-1-200x90.jpg 200w, https:\/\/foedus-personaldienste.de\/wp-content\/uploads\/HP_bewerber-1.jpg 290w\" sizes=\"(max-width: 800px) 100vw, 290px\" \/><\/a><\/span><\/div><div class=\"fusion-clearfix\"><\/div><\/div><\/div><div class=\"fusion-layout-column fusion_builder_column fusion-builder-column-8 fusion_builder_column_1_1 1_1 fusion-one-full fusion-column-first fusion-column-last\" style=\"--awb-bg-size:cover;\"><div class=\"fusion-column-wrapper fusion-flex-column-wrapper-legacy\"><div class=\"fusion-sep-clear\"><\/div><div class=\"fusion-separator fusion-full-width-sep\" style=\"margin-left: auto;margin-right: auto;margin-top:40px;width:100%;\"><\/div><div class=\"fusion-sep-clear\"><\/div><div class=\"fusion-clearfix\"><\/div><\/div><\/div><div class=\"fusion-layout-column fusion_builder_column fusion-builder-column-9 fusion_builder_column_1_2 1_2 fusion-one-half fusion-column-first\" style=\"--awb-bg-size:cover;width:50%;width:calc(50% - ( ( 4% ) * 0.5 ) );margin-right: 4%;\"><div class=\"fusion-column-wrapper fusion-flex-column-wrapper-legacy\"><div class=\"fusion-text fusion-text-3\"><h1>Aktuelles<\/h1>\n<\/div><div class=\"fusion-blog-shortcode fusion-blog-shortcode-1 fusion-blog-archive fusion-blog-layout-medium fusion-blog-no fusion-blog-no-images\"><div class=\"fusion-posts-container fusion-posts-container-no fusion-no-meta-info\" data-pages=\"10\"><article id=\"blog-1-post-7834\" class=\"fusion-post-medium post-7834 post type-post status-publish format-standard has-post-thumbnail hentry category-aktuelles\">\n<div class=\"fusion-post-content post-content\"><h2 class=\"blog-shortcode-post-title entry-title\"><a href=\"https:\/\/foedus-personaldienste.de\/index.php\/eroeffnung-der-niederlassung-wesel\/\">Er\u00f6ffnung der Niederlassung Wesel<\/a><\/h2><div class=\"fusion-post-content-container\"><p>Erfreulich d\u00fcrfen wir verk\u00fcnden, dass wir eine neue Niederlassung in Wesel er\u00f6ffnet haben! Unser neuer<a href=\"https:\/\/foedus-personaldienste.de\/index.php\/eroeffnung-der-niederlassung-wesel\/\"> [...]<\/a><\/p><\/div><\/div><div class=\"fusion-clearfix\"><\/div><\/article>\n<article id=\"blog-1-post-7830\" class=\"fusion-post-medium post-7830 post type-post status-publish format-standard has-post-thumbnail hentry category-aktuelles\">\n<div class=\"fusion-post-content post-content\"><h2 class=\"blog-shortcode-post-title entry-title\"><a href=\"https:\/\/foedus-personaldienste.de\/index.php\/unsere-auszubildende-hat-ihre-pruefung-bestanden\/\">Unsere Auszubildende hat ihre Pr\u00fcfung bestanden<\/a><\/h2><div class=\"fusion-post-content-container\"><p>Wir gratulieren herzlich zur bestandenen Abschlusspr\u00fcfung unserer Auszubildenden Kim Heinrichs. Nach 3 Jahren Ausbildung in<a href=\"https:\/\/foedus-personaldienste.de\/index.php\/unsere-auszubildende-hat-ihre-pruefung-bestanden\/\"> [...]<\/a><\/p><\/div><\/div><div class=\"fusion-clearfix\"><\/div><\/article>\n<article id=\"blog-1-post-7831\" class=\"fusion-post-medium post-7831 post type-post status-publish format-standard has-post-thumbnail hentry category-aktuelles\">\n<div class=\"fusion-post-content post-content\"><h2 class=\"blog-shortcode-post-title entry-title\"><a href=\"https:\/\/foedus-personaldienste.de\/index.php\/ersthelferkurs-erfolgreich-absolviert\/\">Ersthelferkurs erfolgreich absolviert<\/a><\/h2><div class=\"fusion-post-content-container\"><p>Damit wir auch weiterhin die Sicherheit unserer MitarbeiterInnen gew\u00e4hrleisten k\u00f6nnen, hat die foedus den Erste-Hilfe-Kurs<a href=\"https:\/\/foedus-personaldienste.de\/index.php\/ersthelferkurs-erfolgreich-absolviert\/\"> [...]<\/a><\/p><\/div><\/div><div class=\"fusion-clearfix\"><\/div><\/article>\n<\/div><\/div><div class=\"fusion-alignleft\"><a class=\"fusion-button button-flat fusion-button-default-size button-custom fusion-button-default button-2 fusion-button-default-span fusion-button-default-type\" style=\"--button_accent_color:#ffffff;--button_accent_hover_color:#ffffff;--button_border_hover_color:#ffffff;--button_gradient_top_color:#e88f12;--button_gradient_bottom_color:#e88f12;--button_gradient_top_color_hover:#e88f12;--button_gradient_bottom_color_hover:#e88f12;\" target=\"_self\" href=\"https:\/\/foedus-personaldienste.de\/index.php\/aktuelles\"><span class=\"fusion-button-text awb-button__text awb-button__text--default\">MEHR LESEN<\/span><\/a><\/div><div class=\"fusion-clearfix\"><\/div><\/div><\/div><div class=\"fusion-layout-column fusion_builder_column fusion-builder-column-10 fusion_builder_column_1_2 1_2 fusion-one-half fusion-column-last\" style=\"--awb-bg-size:cover;width:50%;width:calc(50% - ( ( 4% ) * 0.5 ) );\"><div class=\"fusion-column-wrapper fusion-flex-column-wrapper-legacy\"><div class=\"fusion-text fusion-text-4\"><h1>Oft gestellte Fragen<\/h1>\n<p><a href=\"\/index.php\/faq\/#a1\">1. Warum bei uns?<\/a><\/p>\n<p><a href=\"\/index.php\/faq\/#a2\">2. Was ist eine erfolgreiche Bewerbung?<\/a><\/p>\n<p><a href=\"\/index.php\/faq\/#a3\">3. Wo finden die Bewerbungsgespr\u00e4che statt?<\/a><\/p>\n<p><a href=\"\/index.php\/faq\/#a6\">4. Gibt es eine betriebliche Altersvorsorge?<\/a><\/p>\n<div class=\"fusion-alignleft\"><a class=\"fusion-button button-flat fusion-button-default-size button-custom fusion-button-default button-3 fusion-button-default-span fusion-button-default-type\" style=\"--button_accent_color:#ffffff;--button_accent_hover_color:#ffffff;--button_border_hover_color:#ffffff;--button_gradient_top_color:#e88f12;--button_gradient_bottom_color:#e88f12;--button_gradient_top_color_hover:#e88f12;--button_gradient_bottom_color_hover:#e88f12;\" target=\"_self\" href=\"https:\/\/foedus-personaldienste.de\/index.php\/faq\"><span class=\"fusion-button-text awb-button__text awb-button__text--default\">MEHR LESEN<\/span><\/a><\/div>\n<\/div><div class=\"fusion-clearfix\"><\/div><\/div><\/div><\/div><\/div><\/p>\n","protected":false},"excerpt":{"rendered":"","protected":false},"author":1,"featured_media":5206,"parent":0,"menu_order":0,"comment_status":"closed","ping_status":"closed","template":"100-width.php","meta":{"footnotes":""},"class_list":["post-2","page","type-page","status-publish","has-post-thumbnail","hentry"],"_links":{"self":[{"href":"https:\/\/foedus-personaldienste.de\/index.php\/wp-json\/wp\/v2\/pages\/2","targetHints":{"allow":["GET"]}}],"collection":[{"href":"https:\/\/foedus-personaldienste.de\/index.php\/wp-json\/wp\/v2\/pages"}],"about":[{"href":"https:\/\/foedus-personaldienste.de\/index.php\/wp-json\/wp\/v2\/types\/page"}],"author":[{"embeddable":true,"href":"https:\/\/foedus-personaldienste.de\/index.php\/wp-json\/wp\/v2\/users\/1"}],"replies":[{"embeddable":true,"href":"https:\/\/foedus-personaldienste.de\/index.php\/wp-json\/wp\/v2\/comments?post=2"}],"version-history":[{"count":0,"href":"https:\/\/foedus-personaldienste.de\/index.php\/wp-json\/wp\/v2\/pages\/2\/revisions"}],"wp:featuredmedia":[{"embeddable":true,"href":"https:\/\/foedus-personaldienste.de\/index.php\/wp-json\/wp\/v2\/media\/5206"}],"wp:attachment":[{"href":"https:\/\/foedus-personaldienste.de\/index.php\/wp-json\/wp\/v2\/media?parent=2"}],"curies":[{"name":"wp","href":"https:\/\/api.w.org\/{rel}","templated":true}]}}