{"id":5849,"date":"2018-04-09T11:49:37","date_gmt":"2018-04-09T09:49:37","guid":{"rendered":"https:\/\/foedus-personaldienste.de\/?page_id=5849"},"modified":"2022-04-21T12:40:05","modified_gmt":"2022-04-21T10:40:05","slug":"bewerbung-dueren","status":"publish","type":"page","link":"https:\/\/foedus-personaldienste.de\/index.php\/bewerbung-dueren\/","title":{"rendered":"Bewerbung D\u00fcren"},"content":{"rendered":"<div class=\"fusion-fullwidth fullwidth-box fusion-builder-row-1 nonhundred-percent-fullwidth non-hundred-percent-height-scrolling\" style=\"--awb-border-radius-top-left:0px;--awb-border-radius-top-right:0px;--awb-border-radius-bottom-right:0px;--awb-border-radius-bottom-left:0px;--awb-flex-wrap:wrap;\" ><div class=\"fusion-builder-row fusion-row\"><div class=\"fusion-layout-column fusion_builder_column fusion-builder-column-0 fusion_builder_column_1_1 1_1 fusion-one-full fusion-column-first fusion-column-last\" style=\"--awb-bg-size:cover;--awb-margin-bottom:0px;\"><div class=\"fusion-column-wrapper fusion-flex-column-wrapper-legacy\"><div class=\"fusion-text fusion-text-1\"><h1>Bewerben leicht gemacht<\/h1>\n<\/div><div class=\"fusion-clearfix\"><\/div><\/div><\/div><div class=\"fusion-layout-column fusion_builder_column fusion-builder-column-1 fusion_builder_column_1_2 1_2 fusion-one-half fusion-column-first\" style=\"--awb-bg-size:cover;width:50%;width:calc(50% - ( ( 4% ) * 0.5 ) );margin-right: 4%;\"><div class=\"fusion-column-wrapper fusion-flex-column-wrapper-legacy\"><div class=\"fusion-text fusion-text-2\"><h2>Per Kontaktformular<\/h2>\n<p>Schicken Sie uns Ihr Kurz-Profil \u00fcber unser Kontaktformular zu und wir melden uns bei Ihnen zur\u00fcck.<\/p>\n\n<div class=\"wpcf7 no-js\" id=\"wpcf7-f5851-o1\" lang=\"de-DE\" dir=\"ltr\" data-wpcf7-id=\"5851\">\n<div class=\"screen-reader-response\"><p role=\"status\" aria-live=\"polite\" aria-atomic=\"true\"><\/p> <ul><\/ul><\/div>\n<form action=\"\/index.php\/wp-json\/wp\/v2\/pages\/5849#wpcf7-f5851-o1\" method=\"post\" class=\"wpcf7-form init\" aria-label=\"Kontaktformular\" enctype=\"multipart\/form-data\" novalidate=\"novalidate\" data-status=\"init\">\n<fieldset class=\"hidden-fields-container\"><input type=\"hidden\" name=\"_wpcf7\" value=\"5851\" \/><input type=\"hidden\" name=\"_wpcf7_version\" value=\"6.1.5\" \/><input type=\"hidden\" name=\"_wpcf7_locale\" value=\"de_DE\" \/><input type=\"hidden\" name=\"_wpcf7_unit_tag\" value=\"wpcf7-f5851-o1\" \/><input type=\"hidden\" name=\"_wpcf7_container_post\" value=\"0\" \/><input type=\"hidden\" name=\"_wpcf7_posted_data_hash\" value=\"\" \/>\n<\/fieldset>\n<p><label> Ihr Name *<br \/>\n<span class=\"wpcf7-form-control-wrap\" data-name=\"your-name\"><input size=\"40\" maxlength=\"400\" class=\"wpcf7-form-control wpcf7-text wpcf7-validates-as-required\" aria-required=\"true\" aria-invalid=\"false\" value=\"\" type=\"text\" name=\"your-name\" \/><\/span> <\/label>\n<\/p>\n<p><label> Ihr Wohnort *<br \/>\n<span class=\"wpcf7-form-control-wrap\" data-name=\"Wohnort\"><input size=\"40\" maxlength=\"400\" class=\"wpcf7-form-control wpcf7-text wpcf7-validates-as-required\" aria-required=\"true\" aria-invalid=\"false\" value=\"\" type=\"text\" name=\"Wohnort\" \/><\/span><\/label>\n<\/p>\n<p><label> Ihre E-Mail-Adresse *<br \/>\n<span class=\"wpcf7-form-control-wrap\" data-name=\"your-email\"><input size=\"40\" maxlength=\"400\" class=\"wpcf7-form-control wpcf7-email wpcf7-validates-as-required wpcf7-text wpcf7-validates-as-email\" aria-required=\"true\" aria-invalid=\"false\" value=\"\" type=\"email\" name=\"your-email\" \/><\/span> <\/label>\n<\/p>\n<p><label> Bewerbung als \/ Initiativbewerbung<br \/>\n<span class=\"wpcf7-form-control-wrap\" data-name=\"your-subject\"><input size=\"40\" maxlength=\"400\" class=\"wpcf7-form-control wpcf7-text\" aria-invalid=\"false\" value=\"\" type=\"text\" name=\"your-subject\" \/><\/span> <\/label>\n<\/p>\n<p><label> Qualifikationen<br \/>\n<span class=\"wpcf7-form-control-wrap\" data-name=\"Qualifikationen\"><textarea cols=\"40\" rows=\"10\" maxlength=\"2000\" class=\"wpcf7-form-control wpcf7-textarea wpcf7-validates-as-required\" aria-required=\"true\" aria-invalid=\"false\" name=\"Qualifikationen\"><\/textarea><\/span><\/label>\n<\/p>\n<p>Hier k\u00f6nnen Sie Ihre Bewerbung anh\u00e4ngen: (nur PDF bis 2 MB)<br \/>\n<span class=\"wpcf7-form-control-wrap\" data-name=\"file-649\"><input size=\"40\" class=\"wpcf7-form-control wpcf7-file\" accept=\".pdf\" aria-invalid=\"false\" type=\"file\" name=\"file-649\" \/><\/span>\n<\/p>\n<p style=\"margin-left: -3%; margin-bottom:-6px;text-align:left;\"><span class=\"wpcf7-form-control-wrap\" data-name=\"Datenschutz\"><span class=\"wpcf7-form-control wpcf7-checkbox wpcf7-validates-as-required\"><span class=\"wpcf7-list-item first last\"><input type=\"checkbox\" name=\"Datenschutz[]\" value=\"Ich akzeptiere die Bestimmungen zum Datenschutz**\" \/><span class=\"wpcf7-list-item-label\">Ich akzeptiere die Bestimmungen zum Datenschutz**<\/span><\/span><\/span><\/span>\n<\/p>\n<p style=\"margin-left: -3%; margin-bottom:-6px;text-align:left;\"><span class=\"wpcf7-form-control-wrap\" data-name=\"checkbox-715\"><span class=\"wpcf7-form-control wpcf7-checkbox wpcf7-validates-as-required\"><span class=\"wpcf7-list-item first last\"><input type=\"checkbox\" name=\"checkbox-715[]\" value=\"Ich stimme zu, dass meine Angaben aus dem Kontaktformular zur Beantwortung meiner Anfrage erhoben und verarbeitet werden. Die Daten werden nach abgeschlossener Bearbeitung Ihrer Anfrage gel\u00f6scht.*\" \/><span class=\"wpcf7-list-item-label\">Ich stimme zu, dass meine Angaben aus dem Kontaktformular zur Beantwortung meiner Anfrage erhoben und verarbeitet werden. Die Daten werden nach abgeschlossener Bearbeitung Ihrer Anfrage gel\u00f6scht.*<\/span><\/span><\/span><\/span>\n<\/p>\n<p><input class=\"wpcf7-form-control wpcf7-submit has-spinner\" type=\"submit\" value=\"Nachricht senden\" \/>\n<\/p>\n<p style=\"font-size:12px;\">Hinweis: Sie k\u00f6nnen Ihre Einwilligung jederzeit f\u00fcr die Zukunft per Mail an info@foedus-personaldienste.de widerrufen. <a href=\"https:\/\/foedus-personaldienste.de\/index.php\/datenschutz\/\";>Detaillierte Informationen zum Umgang mit Nutzerdaten finden Sie in unserer Datenschutzerkl\u00e4rung.<\/a>\n<\/p>\n<p><span id=\"wpcf7-69e0a0ca03cec-wrapper\" class=\"wpcf7-form-control-wrap fd_sp-wrap\" style=\"display:none !important; visibility:hidden !important;\"><label for=\"wpcf7-69e0a0ca03cec-field\" class=\"hp-message\">Please leave this field empty.<\/label><input id=\"wpcf7-69e0a0ca03cec-field\"  placeholder=\"fd_sp\"  class=\"wpcf7-form-control wpcf7-text\" type=\"text\" name=\"fd_sp\" value=\"\" size=\"40\" tabindex=\"-1\" autocomplete=\"new-password\" \/><\/span>\n<\/p>\n<p>*Pflichtfeld\n<\/p>\n<p><a href=\"\/index.php\/datenschutz\" target=\"_blank\">** Zu den Datenschutzbestimmungen<\/a>\n<\/p><div class=\"fusion-alert alert custom alert-custom fusion-alert-center wpcf7-response-output fusion-alert-capitalize awb-alert-native-link-color alert-dismissable awb-alert-close-boxed\" style=\"--awb-border-top-left-radius:0px;--awb-border-top-right-radius:0px;--awb-border-bottom-left-radius:0px;--awb-border-bottom-right-radius:0px;\" role=\"alert\"><div class=\"fusion-alert-content-wrapper\"><span class=\"fusion-alert-content\"><\/span><\/div><button type=\"button\" class=\"close toggle-alert\" data-dismiss=\"alert\" aria-label=\"Close\">&times;<\/button><\/div>\n<\/form>\n<\/div>\n\n<\/div><div class=\"fusion-clearfix\"><\/div><\/div><\/div><div class=\"fusion-layout-column fusion_builder_column fusion-builder-column-2 fusion_builder_column_1_2 1_2 fusion-one-half fusion-column-last\" style=\"--awb-bg-size:cover;width:50%;width:calc(50% - ( ( 4% ) * 0.5 ) );\"><div class=\"fusion-column-wrapper fusion-flex-column-wrapper-legacy\"><div class=\"fusion-text fusion-text-3\" style=\"--awb-text-transform:none;\"><h2>Rufen Sie uns an<\/h2>\n<p>Wir freuen uns mit Ihnen in Kontakt zu treten.<br \/>\n<strong>Telefon: 02421 \/ 20646-0<\/strong><\/p>\n<p><strong>Oder<\/strong> schicken Sie uns Ihre Bewerbung direkt an die<br \/>\n<a href=\"mailto:bewerbung.dueren@foedus-personaldienste.de\">bewerbung.dueren@foedus-personaldienste.de.<\/a><\/p>\n<h4>Initiativbewerbungen sind ebenfalls gerne gesehen!<\/h4>\n<\/div><div class=\"fusion-clearfix\"><\/div><\/div><\/div><div class=\"fusion-layout-column fusion_builder_column fusion-builder-column-3 fusion_builder_column_1_2 1_2 fusion-one-half fusion-column-first\" style=\"--awb-bg-size:cover;width:50%;width:calc(50% - ( ( 4% ) * 0.5 ) );margin-right: 4%;\"><div class=\"fusion-column-wrapper fusion-flex-column-wrapper-legacy\"><div class=\"fusion-text fusion-text-4\"><h2>Was muss meine Bewerbung beinhalten?<\/h2>\n<ul>\n<li>Lebenslauf mit Lichtbild<\/li>\n<li>Relevante Zeugnisse<\/li>\n<li>Eventuelles Anschreiben<\/li>\n<\/ul>\n<h3><\/h3>\n<\/div><div class=\"fusion-clearfix\"><\/div><\/div><\/div><div class=\"fusion-layout-column fusion_builder_column fusion-builder-column-4 fusion_builder_column_1_2 1_2 fusion-one-half fusion-column-last\" style=\"--awb-bg-size:cover;width:50%;width:calc(50% - ( ( 4% ) * 0.5 ) );\"><div class=\"fusion-column-wrapper fusion-flex-column-wrapper-legacy\"><div class=\"fusion-text fusion-text-5\"><h2>Unser Tipp f\u00fcr Sie:<\/h2>\n<p><a href=\"https:\/\/foedus-personaldienste.de\/index.php\/faq\/#a2\">Was ist eine erfolgreiche Bewerbung?<\/a><\/p>\n<p><strong>Wir w\u00fcnschen Ihnen viel Erfolg bei Ihrer Bewerbung und werden uns schnellst m\u00f6glich bei Ihnen zur\u00fcck melden.<\/strong><\/p>\n<p>Ihr foedus Team<\/p>\n<\/div><div class=\"fusion-clearfix\"><\/div><\/div><\/div><\/div><\/div>\n","protected":false},"excerpt":{"rendered":"","protected":false},"author":1,"featured_media":5206,"parent":0,"menu_order":0,"comment_status":"closed","ping_status":"closed","template":"","meta":{"footnotes":""},"class_list":["post-5849","page","type-page","status-publish","has-post-thumbnail","hentry"],"_links":{"self":[{"href":"https:\/\/foedus-personaldienste.de\/index.php\/wp-json\/wp\/v2\/pages\/5849","targetHints":{"allow":["GET"]}}],"collection":[{"href":"https:\/\/foedus-personaldienste.de\/index.php\/wp-json\/wp\/v2\/pages"}],"about":[{"href":"https:\/\/foedus-personaldienste.de\/index.php\/wp-json\/wp\/v2\/types\/page"}],"author":[{"embeddable":true,"href":"https:\/\/foedus-personaldienste.de\/index.php\/wp-json\/wp\/v2\/users\/1"}],"replies":[{"embeddable":true,"href":"https:\/\/foedus-personaldienste.de\/index.php\/wp-json\/wp\/v2\/comments?post=5849"}],"version-history":[{"count":0,"href":"https:\/\/foedus-personaldienste.de\/index.php\/wp-json\/wp\/v2\/pages\/5849\/revisions"}],"wp:featuredmedia":[{"embeddable":true,"href":"https:\/\/foedus-personaldienste.de\/index.php\/wp-json\/wp\/v2\/media\/5206"}],"wp:attachment":[{"href":"https:\/\/foedus-personaldienste.de\/index.php\/wp-json\/wp\/v2\/media?parent=5849"}],"curies":[{"name":"wp","href":"https:\/\/api.w.org\/{rel}","templated":true}]}}