{"id":6283,"date":"2018-10-10T17:07:18","date_gmt":"2018-10-10T15:07:18","guid":{"rendered":"https:\/\/foedus-personaldienste.de\/?page_id=6283"},"modified":"2022-04-12T14:28:27","modified_gmt":"2022-04-12T12:28:27","slug":"gesundheit","status":"publish","type":"page","link":"https:\/\/foedus-personaldienste.de\/index.php\/gesundheit\/","title":{"rendered":"Gesundheit"},"content":{"rendered":"<div class=\"fusion-fullwidth fullwidth-box fusion-builder-row-1 nonhundred-percent-fullwidth non-hundred-percent-height-scrolling\" style=\"--awb-border-radius-top-left:0px;--awb-border-radius-top-right:0px;--awb-border-radius-bottom-right:0px;--awb-border-radius-bottom-left:0px;--awb-flex-wrap:wrap;\" ><div class=\"fusion-builder-row fusion-row\"><div class=\"fusion-layout-column fusion_builder_column fusion-builder-column-0 fusion_builder_column_1_1 1_1 fusion-one-full fusion-column-first fusion-column-last\" style=\"--awb-bg-size:cover;\"><div class=\"fusion-column-wrapper fusion-flex-column-wrapper-legacy\"><div class=\"fusion-text fusion-text-1\" style=\"--awb-text-transform:none;\"><h1>Gesundheit f\u00fcr unsere MitarbeiterInnen<\/h1>\n<p style=\"text-align: justify;\">F\u00fcr die <span style=\"color: #ffcc00;\">fo<\/span>edus Personaldienste GmbH z\u00e4hlt die Gesundheit unserer MitarbeiterInnen uneingeschr\u00e4nkt zu den Unternehmenszielen, gleichberechtigt mit wirtschaftlichen Interessen. Der Erfolg des Unternehmens h\u00e4ngt von seinen qualifizierten, motivierten und gesunden MitarbeiterInnen ab.<\/p>\n<p style=\"text-align: justify;\">Vorrangig bei unserem Handeln ist der pr\u00e4ventive Ansatz. Durch eine Sensibilisierung all unserer MitarbeiterInnen wollen wir diese auf die potentiellen Gefahren im Bereich Sicherheit und Gesundheit aufmerksam machen und mit den uns zur Verf\u00fcgung stehenden M\u00f6glichkeiten zu gesundheitsf\u00f6rdernden und sicherheitsgerechtem Handeln bewegen. Wir geben diese Denkweise an alle Besch\u00e4ftigten weiter.<\/p>\n<h2>Angebote zu Gesundheitsf\u00f6rderung<\/h2>\n<h3>Externe Pr\u00e4ventionskurse<\/h3>\n<p>Ein ausf\u00fchrliches Angebot \u00fcber Pr\u00e4ventionskursen in Ihrer N\u00e4he finden Sie <a href=\"https:\/\/www.aok.de\/pk\/rh\/leistungen-services\/online-programme-der-aok\/\" target=\"_blank\" rel=\"noopener noreferrer\">hier. <\/a><\/p>\n<p>\u2022 Gesundheitsorientiertes Krafttraining<br \/>\n\u2022 Entspannungstraining<br \/>\n\u2022 Stresstraining<br \/>\n\u2022 R\u00fcckenschulungen<br \/>\n\u2022 Nordic Walking<br \/>\n\u2022 Suchtentw\u00f6hnung<\/p>\n<h3>Innerbetriebliche Pr\u00e4ventionskurse<\/h3>\n<p>\u2022 Ergonomie Schulungen<br \/>\n\u2022 Richtiges Heben<br \/>\n\u2022 Hautschutz<br \/>\n\u2022 Bildschirmarbeit<\/p>\n<h3>Sonstige Pr\u00e4ventionsma\u00dfnahmen<\/h3>\n<p>\u2022 Grippeschutzimpfungen<br \/>\n\u2022 Beratungsgespr\u00e4che durch den Betriebsarzt<br \/>\n\u2022 Betriebliches Eingliederungsmanagement (BEM)<\/p>\n<p style=\"text-align: justify;\">Die <span style=\"color: #ffcc00;\">fo<\/span>edus Personaldienste GmbH belohnt sicherheitsgerechtes und gesundheitsf\u00f6rderndes Verhalten. Hierf\u00fcr wurde ein Pr\u00e4miensystem eingef\u00fchrt, welches unsere Besch\u00e4ftigten motiviert, gesund und sicher zu Leben.<\/p>\n<p><strong>Der Sicherheits- &amp; Gesundheitspass der <span style=\"color: #ffcc00;\">fo<\/span>edus Personaldienste GmbH:<\/strong><\/p>\n<p><img decoding=\"async\" class=\"wp-image-6741 alignleft\" src=\"https:\/\/foedus-personaldienste.de\/wp-content\/uploads\/Pass-Sicherheit.png\" alt=\"\" width=\"172\" height=\"243\" srcset=\"https:\/\/foedus-personaldienste.de\/wp-content\/uploads\/Pass-Sicherheit-200x282.png 200w, https:\/\/foedus-personaldienste.de\/wp-content\/uploads\/Pass-Sicherheit-212x300.png 212w, https:\/\/foedus-personaldienste.de\/wp-content\/uploads\/Pass-Sicherheit.png 325w\" sizes=\"(max-width: 172px) 100vw, 172px\" \/><\/p>\n<\/div><div class=\"fusion-clearfix\"><\/div><\/div><\/div><\/div><\/div>\n","protected":false},"excerpt":{"rendered":"","protected":false},"author":1,"featured_media":5206,"parent":0,"menu_order":0,"comment_status":"closed","ping_status":"closed","template":"","meta":{"footnotes":""},"class_list":["post-6283","page","type-page","status-publish","has-post-thumbnail","hentry"],"_links":{"self":[{"href":"https:\/\/foedus-personaldienste.de\/index.php\/wp-json\/wp\/v2\/pages\/6283","targetHints":{"allow":["GET"]}}],"collection":[{"href":"https:\/\/foedus-personaldienste.de\/index.php\/wp-json\/wp\/v2\/pages"}],"about":[{"href":"https:\/\/foedus-personaldienste.de\/index.php\/wp-json\/wp\/v2\/types\/page"}],"author":[{"embeddable":true,"href":"https:\/\/foedus-personaldienste.de\/index.php\/wp-json\/wp\/v2\/users\/1"}],"replies":[{"embeddable":true,"href":"https:\/\/foedus-personaldienste.de\/index.php\/wp-json\/wp\/v2\/comments?post=6283"}],"version-history":[{"count":0,"href":"https:\/\/foedus-personaldienste.de\/index.php\/wp-json\/wp\/v2\/pages\/6283\/revisions"}],"wp:featuredmedia":[{"embeddable":true,"href":"https:\/\/foedus-personaldienste.de\/index.php\/wp-json\/wp\/v2\/media\/5206"}],"wp:attachment":[{"href":"https:\/\/foedus-personaldienste.de\/index.php\/wp-json\/wp\/v2\/media?parent=6283"}],"curies":[{"name":"wp","href":"https:\/\/api.w.org\/{rel}","templated":true}]}}